{"id":726,"date":"2016-12-09T06:26:52","date_gmt":"2016-12-09T06:26:52","guid":{"rendered":"https:\/\/alaska2patagonia.com\/it\/?page_id=726"},"modified":"2018-11-14T17:27:06","modified_gmt":"2018-11-14T17:27:06","slug":"club-cartoline","status":"publish","type":"page","link":"https:\/\/alaska2patagonia.com\/it\/club-cartoline\/","title":{"rendered":"Club di cartoline postali"},"content":{"rendered":"<p>Per chi vuole partecipare al mio viaggio e aiutarmi a continuare a pedalare intorno al mondo, ho creato un club di cartoline, come funziona?<\/p>\n<p>Semplicemente dietro una donazione una tantum (o con una sottoscrizione mensile) diverrete partecipanti attivi all\u2019avventura e riceverete una cartolina postale interamente disegnata da me (o una al mese).<\/p>\n<p>Ora mettiamo subito le cose in chiaro: non sono un artista per\u00f2 provo a creare qualcosa di unico, ed originale. Ogni cartolina sar\u00e0 unica ed interamente fatta amano, non ce ne saranno due uguali. Il retro della cartolina verr\u00e0 ulteriormente personalizzato con un messaggio originale e differente per ogni persona che desidera ricevere la cartolina. Inoltre ci saranno i francobolli del paese in cui mi trovo. Ogni cartolina verr\u00e0 da me firmata e numerata. Se dovessi morire nel viaggio potrebbero anche salire di valore, e in molti paesi i capital gain derivanti da arte sono esentasse!<\/p>\n\n\t\t<style type='text\/css'>\n\t\t\t#gallery-1 {\n\t\t\t\tmargin: auto;\n\t\t\t}\n\t\t\t#gallery-1 .gallery-item {\n\t\t\t\tfloat: left;\n\t\t\t\tmargin-top: 10px;\n\t\t\t\ttext-align: center;\n\t\t\t\twidth: 25%;\n\t\t\t}\n\t\t\t#gallery-1 img {\n\t\t\t\tborder: 2px solid #cfcfcf;\n\t\t\t}\n\t\t\t#gallery-1 .gallery-caption {\n\t\t\t\tmargin-left: 0;\n\t\t\t}\n\t\t\t\/* see gallery_shortcode() in wp-includes\/media.php *\/\n\t\t<\/style>\n\t\t<div id='gallery-1' class='gallery galleryid-726 gallery-columns-4 gallery-size-gallery-thumb'><dl class='gallery-item'>\n\t\t\t<dt class='gallery-icon landscape'>\n\t\t\t\t<a href='https:\/\/alaska2patagonia.com\/wp-content\/uploads\/2016\/12\/DSC_5717tt.jpg' rel=\"lightbox[726]\"><img loading=\"lazy\" decoding=\"async\" width=\"4608\" height=\"3072\" src=\"https:\/\/alaska2patagonia.com\/wp-content\/uploads\/2016\/12\/DSC_5717tt.jpg\" class=\"attachment-gallery-thumb size-gallery-thumb\" alt=\"postcards first lot2\" srcset=\"https:\/\/alaska2patagonia.com\/wp-content\/uploads\/2016\/12\/DSC_5717tt.jpg 4608w, https:\/\/alaska2patagonia.com\/wp-content\/uploads\/2016\/12\/DSC_5717tt-300x200.jpg 300w, https:\/\/alaska2patagonia.com\/wp-content\/uploads\/2016\/12\/DSC_5717tt-768x512.jpg 768w, https:\/\/alaska2patagonia.com\/wp-content\/uploads\/2016\/12\/DSC_5717tt-1024x683.jpg 1024w\" sizes=\"auto, (max-width: 4608px) 100vw, 4608px\" \/><\/a>\n\t\t\t<\/dt>\n\t\t\t\t<dd class='wp-caption-text gallery-caption'>\n\t\t\t\tPrimo lotto!\n\t\t\t\t<\/dd><\/dl><dl class='gallery-item'>\n\t\t\t<dt class='gallery-icon landscape'>\n\t\t\t\t<a href='https:\/\/alaska2patagonia.com\/wp-content\/uploads\/2016\/12\/DSC_5716tt.jpg' rel=\"lightbox[726]\"><img loading=\"lazy\" decoding=\"async\" width=\"4608\" height=\"3072\" src=\"https:\/\/alaska2patagonia.com\/wp-content\/uploads\/2016\/12\/DSC_5716tt.jpg\" class=\"attachment-gallery-thumb size-gallery-thumb\" alt=\"postcards first lot\" srcset=\"https:\/\/alaska2patagonia.com\/wp-content\/uploads\/2016\/12\/DSC_5716tt.jpg 4608w, https:\/\/alaska2patagonia.com\/wp-content\/uploads\/2016\/12\/DSC_5716tt-300x200.jpg 300w, https:\/\/alaska2patagonia.com\/wp-content\/uploads\/2016\/12\/DSC_5716tt-768x512.jpg 768w, https:\/\/alaska2patagonia.com\/wp-content\/uploads\/2016\/12\/DSC_5716tt-1024x683.jpg 1024w\" sizes=\"auto, (max-width: 4608px) 100vw, 4608px\" \/><\/a>\n\t\t\t<\/dt>\n\t\t\t\t<dd class='wp-caption-text gallery-caption'>\n\t\t\t\tFirst lot!\n\t\t\t\t<\/dd><\/dl><dl class='gallery-item'>\n\t\t\t<dt class='gallery-icon landscape'>\n\t\t\t\t<a href='https:\/\/alaska2patagonia.com\/wp-content\/uploads\/2016\/12\/DSC_5724m.jpg' rel=\"lightbox[726]\"><img loading=\"lazy\" decoding=\"async\" width=\"4608\" height=\"3072\" src=\"https:\/\/alaska2patagonia.com\/wp-content\/uploads\/2016\/12\/DSC_5724m.jpg\" class=\"attachment-gallery-thumb size-gallery-thumb\" alt=\"postcard club\" srcset=\"https:\/\/alaska2patagonia.com\/wp-content\/uploads\/2016\/12\/DSC_5724m.jpg 4608w, https:\/\/alaska2patagonia.com\/wp-content\/uploads\/2016\/12\/DSC_5724m-300x200.jpg 300w, https:\/\/alaska2patagonia.com\/wp-content\/uploads\/2016\/12\/DSC_5724m-768x512.jpg 768w, https:\/\/alaska2patagonia.com\/wp-content\/uploads\/2016\/12\/DSC_5724m-1024x683.jpg 1024w\" sizes=\"auto, (max-width: 4608px) 100vw, 4608px\" \/><\/a>\n\t\t\t<\/dt>\n\t\t\t\t<dd class='wp-caption-text gallery-caption'>\n\t\t\t\tFirst batch!\n\t\t\t\t<\/dd><\/dl><dl class='gallery-item'>\n\t\t\t<dt class='gallery-icon landscape'>\n\t\t\t\t<a href='https:\/\/alaska2patagonia.com\/wp-content\/uploads\/2016\/12\/DSC_5715tt.jpg' rel=\"lightbox[726]\"><img loading=\"lazy\" decoding=\"async\" width=\"4608\" height=\"3072\" src=\"https:\/\/alaska2patagonia.com\/wp-content\/uploads\/2016\/12\/DSC_5715tt.jpg\" class=\"attachment-gallery-thumb size-gallery-thumb\" alt=\"postcards\" srcset=\"https:\/\/alaska2patagonia.com\/wp-content\/uploads\/2016\/12\/DSC_5715tt.jpg 4608w, https:\/\/alaska2patagonia.com\/wp-content\/uploads\/2016\/12\/DSC_5715tt-300x200.jpg 300w, https:\/\/alaska2patagonia.com\/wp-content\/uploads\/2016\/12\/DSC_5715tt-768x512.jpg 768w, https:\/\/alaska2patagonia.com\/wp-content\/uploads\/2016\/12\/DSC_5715tt-1024x683.jpg 1024w\" sizes=\"auto, (max-width: 4608px) 100vw, 4608px\" \/><\/a>\n\t\t\t<\/dt>\n\t\t\t\t<dd class='wp-caption-text gallery-caption'>\n\t\t\t\tPrimo lotto!\n\t\t\t\t<\/dd><\/dl><br style=\"clear: both\" \/>\n\t\t<\/div>\n\n<p>Per partecipare al club semplicemente fate una donazione tramite <a href=\"https:\/\/www.paypal.me\/davidetravelli\">PayPal <\/a>o tramite bonifico (per il bonifico <a href=\"https:\/\/alaska2patagonia.com\/it\/contatti\/\">contattatemi <\/a>per le coordinate bancarie). Per ricevere una sola cartolina basta una donazione una tantum (aggiungere alla donazione 5\u20ac che sono i costi vivi e di spedizione) mentre per ricevere una cartolina tutti i mesi basta fare una sottoscrizione (sia tramite PayPal che tramite bonifico). Se volete pi\u00f9 cartoline o una cartolina da tutti i paesi che attraverso fatemelo sapere.<\/p>\n<p>Potete usare PayPal in modo sicuro con la vostra carta di credito o bancomat semplicemente a questo indirizzo: <a href=\"https:\/\/www.paypal.me\/davidetravelli\">https:\/\/www.paypal.me\/davidetravelli<\/a>\u00a0&#8211; per un bonifico bancario <a href=\"https:\/\/alaska2patagonia.com\/it\/contatti\/\">contattatemi <\/a>per le coordinate bancarie.<\/p>\n","protected":false},"excerpt":{"rendered":"<p>Per chi vuole partecipare al mio viaggio e aiutarmi a continuare a pedalare intorno al mondo, ho creato un club di cartoline, come funziona? Semplicemente dietro una donazione una tantum (o con una sottoscrizione mensile) diverrete partecipanti attivi all\u2019avventura e riceverete una cartolina postale interamente disegnata da me (o una al mese). Ora mettiamo subito [&hellip;]<\/p>\n","protected":false},"author":2,"featured_media":0,"parent":0,"menu_order":0,"comment_status":"closed","ping_status":"closed","template":"","meta":{"_monsterinsights_skip_tracking":false,"_monsterinsights_sitenote_active":false,"_monsterinsights_sitenote_note":"","_monsterinsights_sitenote_category":0,"footnotes":""},"class_list":["post-726","page","type-page","status-publish","hentry"],"yoast_head":"<!-- This site is optimized with the Yoast SEO plugin v27.3 - https:\/\/yoast.com\/product\/yoast-seo-wordpress\/ -->\n<title>Club di cartoline postali - Alaska2Patagonia<\/title>\n<meta name=\"robots\" content=\"index, follow, max-snippet:-1, max-image-preview:large, max-video-preview:-1\" \/>\n<link rel=\"canonical\" href=\"https:\/\/alaska2patagonia.com\/postcards-club\/\" \/>\n<meta property=\"og:locale\" content=\"it_IT\" \/>\n<meta property=\"og:type\" content=\"article\" \/>\n<meta property=\"og:title\" content=\"Club di cartoline postali - Alaska2Patagonia\" \/>\n<meta property=\"og:description\" content=\"Per chi vuole partecipare al mio viaggio e aiutarmi a continuare a pedalare intorno al mondo, ho creato un club di cartoline, come funziona? Semplicemente dietro una donazione una tantum (o con una sottoscrizione mensile) diverrete partecipanti attivi all\u2019avventura e riceverete una cartolina postale interamente disegnata da me (o una al mese). Ora mettiamo subito [&hellip;]\" \/>\n<meta property=\"og:url\" content=\"https:\/\/alaska2patagonia.com\/postcards-club\/\" \/>\n<meta property=\"og:site_name\" content=\"Alaska2Patagonia\" \/>\n<meta property=\"article:modified_time\" content=\"2018-11-14T17:27:06+00:00\" \/>\n<meta property=\"og:image\" content=\"https:\/\/alaska2patagonia.com\/wp-content\/uploads\/2016\/12\/DSC_5717tt.jpg\" \/>\n<meta name=\"twitter:card\" content=\"summary_large_image\" \/>\n<meta name=\"twitter:label1\" content=\"Tempo di lettura stimato\" \/>\n\t<meta name=\"twitter:data1\" content=\"1 minuto\" \/>\n<script type=\"application\/ld+json\" class=\"yoast-schema-graph\">{\"@context\":\"https:\\\/\\\/schema.org\",\"@graph\":[{\"@type\":\"WebPage\",\"@id\":\"https:\\\/\\\/alaska2patagonia.com\\\/postcards-club\\\/\",\"url\":\"https:\\\/\\\/alaska2patagonia.com\\\/postcards-club\\\/\",\"name\":\"Club di cartoline postali - Alaska2Patagonia\",\"isPartOf\":{\"@id\":\"https:\\\/\\\/alaska2patagonia.com\\\/#website\"},\"datePublished\":\"2016-12-09T06:26:52+00:00\",\"dateModified\":\"2018-11-14T17:27:06+00:00\",\"breadcrumb\":{\"@id\":\"https:\\\/\\\/alaska2patagonia.com\\\/postcards-club\\\/#breadcrumb\"},\"inLanguage\":\"it-IT\",\"potentialAction\":[{\"@type\":\"ReadAction\",\"target\":[\"https:\\\/\\\/alaska2patagonia.com\\\/postcards-club\\\/\"]}]},{\"@type\":\"BreadcrumbList\",\"@id\":\"https:\\\/\\\/alaska2patagonia.com\\\/postcards-club\\\/#breadcrumb\",\"itemListElement\":[{\"@type\":\"ListItem\",\"position\":1,\"name\":\"Home\",\"item\":\"https:\\\/\\\/alaska2patagonia.com\\\/it\\\/\"},{\"@type\":\"ListItem\",\"position\":2,\"name\":\"Club di cartoline postali\"}]},{\"@type\":\"WebSite\",\"@id\":\"https:\\\/\\\/alaska2patagonia.com\\\/#website\",\"url\":\"https:\\\/\\\/alaska2patagonia.com\\\/\",\"name\":\"Alaska2Patagonia\",\"description\":\"Giro del mondo in bici\",\"potentialAction\":[{\"@type\":\"SearchAction\",\"target\":{\"@type\":\"EntryPoint\",\"urlTemplate\":\"https:\\\/\\\/alaska2patagonia.com\\\/?s={search_term_string}\"},\"query-input\":{\"@type\":\"PropertyValueSpecification\",\"valueRequired\":true,\"valueName\":\"search_term_string\"}}],\"inLanguage\":\"it-IT\"}]}<\/script>\n<!-- \/ Yoast SEO plugin. -->","yoast_head_json":{"title":"Club di cartoline postali - Alaska2Patagonia","robots":{"index":"index","follow":"follow","max-snippet":"max-snippet:-1","max-image-preview":"max-image-preview:large","max-video-preview":"max-video-preview:-1"},"canonical":"https:\/\/alaska2patagonia.com\/postcards-club\/","og_locale":"it_IT","og_type":"article","og_title":"Club di cartoline postali - Alaska2Patagonia","og_description":"Per chi vuole partecipare al mio viaggio e aiutarmi a continuare a pedalare intorno al mondo, ho creato un club di cartoline, come funziona? Semplicemente dietro una donazione una tantum (o con una sottoscrizione mensile) diverrete partecipanti attivi all\u2019avventura e riceverete una cartolina postale interamente disegnata da me (o una al mese). Ora mettiamo subito [&hellip;]","og_url":"https:\/\/alaska2patagonia.com\/postcards-club\/","og_site_name":"Alaska2Patagonia","article_modified_time":"2018-11-14T17:27:06+00:00","og_image":[{"url":"https:\/\/alaska2patagonia.com\/wp-content\/uploads\/2016\/12\/DSC_5717tt.jpg","type":"","width":"","height":""}],"twitter_card":"summary_large_image","twitter_misc":{"Tempo di lettura stimato":"1 minuto"},"schema":{"@context":"https:\/\/schema.org","@graph":[{"@type":"WebPage","@id":"https:\/\/alaska2patagonia.com\/postcards-club\/","url":"https:\/\/alaska2patagonia.com\/postcards-club\/","name":"Club di cartoline postali - Alaska2Patagonia","isPartOf":{"@id":"https:\/\/alaska2patagonia.com\/#website"},"datePublished":"2016-12-09T06:26:52+00:00","dateModified":"2018-11-14T17:27:06+00:00","breadcrumb":{"@id":"https:\/\/alaska2patagonia.com\/postcards-club\/#breadcrumb"},"inLanguage":"it-IT","potentialAction":[{"@type":"ReadAction","target":["https:\/\/alaska2patagonia.com\/postcards-club\/"]}]},{"@type":"BreadcrumbList","@id":"https:\/\/alaska2patagonia.com\/postcards-club\/#breadcrumb","itemListElement":[{"@type":"ListItem","position":1,"name":"Home","item":"https:\/\/alaska2patagonia.com\/it\/"},{"@type":"ListItem","position":2,"name":"Club di cartoline postali"}]},{"@type":"WebSite","@id":"https:\/\/alaska2patagonia.com\/#website","url":"https:\/\/alaska2patagonia.com\/","name":"Alaska2Patagonia","description":"Giro del mondo in bici","potentialAction":[{"@type":"SearchAction","target":{"@type":"EntryPoint","urlTemplate":"https:\/\/alaska2patagonia.com\/?s={search_term_string}"},"query-input":{"@type":"PropertyValueSpecification","valueRequired":true,"valueName":"search_term_string"}}],"inLanguage":"it-IT"}]}},"_links":{"self":[{"href":"https:\/\/alaska2patagonia.com\/it\/wp-json\/wp\/v2\/pages\/726","targetHints":{"allow":["GET"]}}],"collection":[{"href":"https:\/\/alaska2patagonia.com\/it\/wp-json\/wp\/v2\/pages"}],"about":[{"href":"https:\/\/alaska2patagonia.com\/it\/wp-json\/wp\/v2\/types\/page"}],"author":[{"embeddable":true,"href":"https:\/\/alaska2patagonia.com\/it\/wp-json\/wp\/v2\/users\/2"}],"replies":[{"embeddable":true,"href":"https:\/\/alaska2patagonia.com\/it\/wp-json\/wp\/v2\/comments?post=726"}],"version-history":[{"count":0,"href":"https:\/\/alaska2patagonia.com\/it\/wp-json\/wp\/v2\/pages\/726\/revisions"}],"wp:attachment":[{"href":"https:\/\/alaska2patagonia.com\/it\/wp-json\/wp\/v2\/media?parent=726"}],"curies":[{"name":"wp","href":"https:\/\/api.w.org\/{rel}","templated":true}]}}