{"id":394,"date":"2015-07-24T15:07:13","date_gmt":"2015-07-24T15:07:13","guid":{"rendered":"https:\/\/alaska2patagonia.com\/?page_id=394"},"modified":"2016-12-15T02:09:31","modified_gmt":"2016-12-15T02:09:31","slug":"donazioni","status":"publish","type":"page","link":"https:\/\/alaska2patagonia.com\/it\/donazioni\/","title":{"rendered":"Donazioni"},"content":{"rendered":"<p><em>Come hai intenzione di finanziare il viaggio? Quanto hai intenzione di spendere?<\/em><\/p>\n<p>Queste sono le due domande che 90% delle persone mi ha chiesto immediatamente dopo avermi sentito parlare del mio sogno di far diventare questo viaggio una realt\u00e0.<\/p>\n<p>In tutta onest\u00e0 mettere insieme l\u2019attrezzatura giusta (senza eccedere ma prendendo in considerazione la durata e i climi estremi) in un brevissimo lasso di tempo si \u00e8 rivelato pi\u00f9 costoso del preventivato. Questo ha impattato sui risparmi che avevo messo da parte per l&#8217;avventura.<\/p>\n<p><a href=\"https:\/\/alaska2patagonia.com\/sponsor\/?lang=it\" target=\"_blank\">Sponsorizzazione aziendale <\/a>\u00e8 molto facile a dirsi che a farsi. Praticamente tutte le aziende, che producono biciclette o attrezzatura da campeggio o vestiario o quant&#8217;altro necessario per il viaggio, vengono bombardate da richieste di sponsorizzazione e fornitura gratis praticamente su base giornaliera. Se non si dispone di una comprovata esperienza di avventure, spedizioni e\/o di cicloturismo di lunga distanza le probabilit\u00e0 di ricevere una sponsorizzazione sono da considerarsi nulle. Un altro fattore significativo \u00e8 il tempo; la maggior parte delle aziende non possono spostare spese di marketing con un breve preavviso e lavorano con un piano annuale. Contrariamente ho organizzando il viaggio in un lasso di tempo di soli due mesi. Per esempio alcuni produttori di biciclette non hanno bici a disposizione da dar via gratuitamente (ma nemmeno a prezzi scontati) siccome a giugno\/luglio hanno generalmente terminato tutto il magazzino del catalogo dell\u2019anno corrente e i nuovi modelli del catalogo del anno successivo solitamente non arrivano fino a met\u00e0 settembre.<\/p>\n<p>Avevo pensato di chiedere donazioni personali ma sono stato timido nel metterlo in pratica. Adesso sto diventando un po\u2019 pi\u00f9 intraprendente e ho iniziato a sollecitare amici e familiari a fare una donazione \u2013 tempi disperati richiedono misure disperate!<br \/>\nD\u2019altra parte un buon amico mi ha detto che avrebbe volentieri pagato 20Euro per l\u2019opportunit\u00e0 di vedermi soffrire per 15\/18 mesi.<\/p>\n<p>Sono veramente grato per le donazioni di qualsiasi importo e il supporto ricevuto e che io ricever\u00f2. Anche se solo mi vorrai offrire un caff\u00e8 tramite una piccola donazione di qualche euro tramite PayPal, l\u2019impatto sulla riuscita di questa avventura sar\u00e0 enorme.<\/p>\n<p>M\u2019impegno a donare il 20% di ogni donazione personale che ricever\u00f2 alle due associazioni di <a href=\"https:\/\/alaska2patagonia.com\/beneficenza\/?lang=it\" target=\"_blank\">beneficenza <\/a>con cui sto collaborando come fundraiser. Per donazioni di almeno 50\u20ac o superiori invier\u00f2 una cartolina con messaggio di ringraziamento personalizzato da uno dei posti meravigliosi che attraverser\u00f2 (ricordati di <a href=\"https:\/\/alaska2patagonia.com\/contatti\/?lang=it\" target=\"_blank\">contattarmi <\/a>con il tuo indirizzo).<\/p>\n<p>Se non hai intenzione di fare una donazione per me, t\u2019invito comunque dare un\u2019occhiata alla pagina di <a href=\"https:\/\/alaska2patagonia.com\/beneficenza\/?lang=it\" target=\"_blank\">beneficenza <\/a>e fare una donazione direttamente alle due associazioni con cui collaboro.<\/p>\n<p>Le donazioni personali possono essere fatte tramite PayPal o bonifico bancario (in questo caso con qualche risparmio sulle commissioni). Se desideri inviare un bonifico <a href=\"https:\/\/alaska2patagonia.com\/contatti\/?lang=it\" target=\"_blank\">contattami <\/a>in modo che ti possa fornire le coordinate bancarie necessarie (IBAN e BIC \/ SWIFT) per completare la transazione.<\/p>\n<p>All\u2019interno di questo sito far\u00f2 uso link di affiliazione soprattutto per recensioni di attrezzatura, libri e simili. Utilizzare questi link \u00e8 un modo come un altro per darmi una mano in quanto non ti coster\u00e0 nulla pi\u00f9 per\u00f2 potrebbe far arrivare qualche centesimo da questa parte. Un centesimo qui e l\u00ec potrebbe diventare un aiuto concreto.<\/p>\n<p>Infine date uno sguardo alla pagina con tutti i miei <a href=\"https:\/\/alaska2patagonia.com\/sponsor\/?lang=it\" target=\"_blank\">partner\/sponsor<\/a>, queste aziende mi hanno fornito o un supporto finanziario o prodotti gratuiti o scontati. Anche senza il loro aiuto non sarei andato lontano.<\/p>\n<p>E non dimenticate: ogni piccolo aiuto fa\u2019 una grande differenza!<\/p>\n<hr \/>\n<p><strong>Fai una donazione di qualsiasi importo anche solo per &#8220;offrirmi un caff\u00e8&#8221; con <a href=\"https:\/\/www.paypal.me\/davidetravelli\">PayPal <\/a>o <a href=\"https:\/\/alaska2patagonia.com\/contatti\/?lang=it\" target=\"_blank\">contattami <\/a>per avere le coordinate bancarie per fare un bonifico. Se volete usare PayPal o qualsiasi vostra carta di credito potete farlo in modo sicuro a questa pagina: <a href=\"https:\/\/www.paypal.me\/davidetravelli\">https:\/\/www.paypal.me\/davidetravelli<\/a> oppure con i pulsanti sottostanti.<br \/>\n<\/strong><\/p>\n<form action=\"https:\/\/www.paypal.com\/cgi-bin\/webscr\" method=\"post\" target=\"_top\">\n<input type=\"hidden\" name=\"cmd\" value=\"_s-xclick\"><br \/>\n<input type=\"hidden\" name=\"hosted_button_id\" value=\"2H64NMTU43VVU\"><br \/>\n<input type=\"image\" src=\"https:\/\/www.paypalobjects.com\/it_IT\/IT\/i\/btn\/btn_donateCC_LG.gif\" border=\"0\" name=\"submit\" alt=\"PayPal \u00e8 il metodo rapido e sicuro per pagare e farsi pagare online.\"><br \/>\n<img loading=\"lazy\" decoding=\"async\" alt=\"\" border=\"0\" src=\"https:\/\/www.paypalobjects.com\/en_US\/i\/scr\/pixel.gif\" width=\"1\" height=\"1\"><br \/>\n<\/form>\n<hr \/>\n<p><strong>Oppure puoi &#8220;offrirmi&#8221; un caff\u00e8 o un pasto una volta al mese:<\/strong><\/p>\n<form action=\"https:\/\/www.paypal.com\/cgi-bin\/webscr\" method=\"post\" target=\"_top\"><input name=\"cmd\" type=\"hidden\" value=\"_s-xclick\" \/><br \/>\n<input name=\"hosted_button_id\" type=\"hidden\" value=\"QK6WURY59TXDY\" \/><\/p>\n<table>\n<tbody>\n<tr>\n<td><input name=\"on0\" type=\"hidden\" value=\"\" \/><\/td>\n<\/tr>\n<tr>\n<td><select name=\"os0\"><option value=\"Offrimi un caffe' mensile\">Offrimi un caffe&#8217; mensile : \u20ac3.00 EUR &#8211; monthly<\/option><option value=\"Offrimi un pasto mensile\">Offrimi un pasto mensile : \u20ac10.00 EUR &#8211; monthly<\/option><\/select><\/td>\n<\/tr>\n<\/tbody>\n<\/table>\n<p><input name=\"currency_code\" type=\"hidden\" value=\"EUR\" \/><br \/>\n<input alt=\"PayPal \u00e8 il metodo rapido e sicuro per pagare e farsi pagare online.\" name=\"submit\" src=\"https:\/\/www.paypalobjects.com\/it_IT\/IT\/i\/btn\/btn_subscribeCC_LG.gif\" type=\"image\" \/><br \/>\n<img loading=\"lazy\" decoding=\"async\" src=\"https:\/\/www.paypalobjects.com\/en_US\/i\/scr\/pixel.gif\" alt=\"\" width=\"1\" height=\"1\" border=\"0\" \/><\/p>\n<\/form>\n","protected":false},"excerpt":{"rendered":"<p>Come hai intenzione di finanziare il viaggio? Quanto hai intenzione di spendere? Queste sono le due domande che 90% delle persone mi ha chiesto immediatamente dopo avermi sentito parlare del mio sogno di far diventare questo viaggio una realt\u00e0. In tutta onest\u00e0 mettere insieme l\u2019attrezzatura giusta (senza eccedere ma prendendo in considerazione la durata e [&hellip;]<\/p>\n","protected":false},"author":1,"featured_media":0,"parent":0,"menu_order":0,"comment_status":"closed","ping_status":"closed","template":"","meta":{"_monsterinsights_skip_tracking":false,"_monsterinsights_sitenote_active":false,"_monsterinsights_sitenote_note":"","_monsterinsights_sitenote_category":0,"footnotes":""},"class_list":["post-394","page","type-page","status-publish","hentry"],"yoast_head":"<!-- This site is optimized with the Yoast SEO plugin v27.4 - https:\/\/yoast.com\/product\/yoast-seo-wordpress\/ -->\n<title>Donazioni - Alaska2Patagonia<\/title>\n<meta name=\"robots\" content=\"index, follow, max-snippet:-1, max-image-preview:large, max-video-preview:-1\" \/>\n<link rel=\"canonical\" href=\"https:\/\/alaska2patagonia.com\/it\/donazioni\/\" \/>\n<meta property=\"og:locale\" content=\"it_IT\" \/>\n<meta property=\"og:type\" content=\"article\" \/>\n<meta property=\"og:title\" content=\"Donazioni - Alaska2Patagonia\" \/>\n<meta property=\"og:description\" content=\"Come hai intenzione di finanziare il viaggio? Quanto hai intenzione di spendere? Queste sono le due domande che 90% delle persone mi ha chiesto immediatamente dopo avermi sentito parlare del mio sogno di far diventare questo viaggio una realt\u00e0. In tutta onest\u00e0 mettere insieme l\u2019attrezzatura giusta (senza eccedere ma prendendo in considerazione la durata e [&hellip;]\" \/>\n<meta property=\"og:url\" content=\"https:\/\/alaska2patagonia.com\/it\/donazioni\/\" \/>\n<meta property=\"og:site_name\" content=\"Alaska2Patagonia\" \/>\n<meta property=\"article:modified_time\" content=\"2016-12-15T02:09:31+00:00\" \/>\n<meta property=\"og:image\" content=\"https:\/\/www.paypalobjects.com\/en_US\/i\/scr\/pixel.gif\" \/>\n<meta name=\"twitter:card\" content=\"summary_large_image\" \/>\n<meta name=\"twitter:label1\" content=\"Tempo di lettura stimato\" \/>\n\t<meta name=\"twitter:data1\" content=\"3 minuti\" \/>\n<script type=\"application\/ld+json\" class=\"yoast-schema-graph\">{\"@context\":\"https:\\\/\\\/schema.org\",\"@graph\":[{\"@type\":\"WebPage\",\"@id\":\"https:\\\/\\\/alaska2patagonia.com\\\/it\\\/donazioni\\\/\",\"url\":\"https:\\\/\\\/alaska2patagonia.com\\\/it\\\/donazioni\\\/\",\"name\":\"Donazioni - Alaska2Patagonia\",\"isPartOf\":{\"@id\":\"https:\\\/\\\/alaska2patagonia.com\\\/#website\"},\"primaryImageOfPage\":{\"@id\":\"https:\\\/\\\/alaska2patagonia.com\\\/it\\\/donazioni\\\/#primaryimage\"},\"image\":{\"@id\":\"https:\\\/\\\/alaska2patagonia.com\\\/it\\\/donazioni\\\/#primaryimage\"},\"thumbnailUrl\":\"https:\\\/\\\/www.paypalobjects.com\\\/en_US\\\/i\\\/scr\\\/pixel.gif\",\"datePublished\":\"2015-07-24T15:07:13+00:00\",\"dateModified\":\"2016-12-15T02:09:31+00:00\",\"breadcrumb\":{\"@id\":\"https:\\\/\\\/alaska2patagonia.com\\\/it\\\/donazioni\\\/#breadcrumb\"},\"inLanguage\":\"it-IT\",\"potentialAction\":[{\"@type\":\"ReadAction\",\"target\":[\"https:\\\/\\\/alaska2patagonia.com\\\/it\\\/donazioni\\\/\"]}]},{\"@type\":\"ImageObject\",\"inLanguage\":\"it-IT\",\"@id\":\"https:\\\/\\\/alaska2patagonia.com\\\/it\\\/donazioni\\\/#primaryimage\",\"url\":\"https:\\\/\\\/www.paypalobjects.com\\\/en_US\\\/i\\\/scr\\\/pixel.gif\",\"contentUrl\":\"https:\\\/\\\/www.paypalobjects.com\\\/en_US\\\/i\\\/scr\\\/pixel.gif\"},{\"@type\":\"BreadcrumbList\",\"@id\":\"https:\\\/\\\/alaska2patagonia.com\\\/it\\\/donazioni\\\/#breadcrumb\",\"itemListElement\":[{\"@type\":\"ListItem\",\"position\":1,\"name\":\"Home\",\"item\":\"https:\\\/\\\/alaska2patagonia.com\\\/it\\\/\"},{\"@type\":\"ListItem\",\"position\":2,\"name\":\"Donazioni\"}]},{\"@type\":\"WebSite\",\"@id\":\"https:\\\/\\\/alaska2patagonia.com\\\/#website\",\"url\":\"https:\\\/\\\/alaska2patagonia.com\\\/\",\"name\":\"Alaska2Patagonia\",\"description\":\"Giro del mondo in bici\",\"potentialAction\":[{\"@type\":\"SearchAction\",\"target\":{\"@type\":\"EntryPoint\",\"urlTemplate\":\"https:\\\/\\\/alaska2patagonia.com\\\/?s={search_term_string}\"},\"query-input\":{\"@type\":\"PropertyValueSpecification\",\"valueRequired\":true,\"valueName\":\"search_term_string\"}}],\"inLanguage\":\"it-IT\"}]}<\/script>\n<!-- \/ Yoast SEO plugin. -->","yoast_head_json":{"title":"Donazioni - Alaska2Patagonia","robots":{"index":"index","follow":"follow","max-snippet":"max-snippet:-1","max-image-preview":"max-image-preview:large","max-video-preview":"max-video-preview:-1"},"canonical":"https:\/\/alaska2patagonia.com\/it\/donazioni\/","og_locale":"it_IT","og_type":"article","og_title":"Donazioni - Alaska2Patagonia","og_description":"Come hai intenzione di finanziare il viaggio? Quanto hai intenzione di spendere? Queste sono le due domande che 90% delle persone mi ha chiesto immediatamente dopo avermi sentito parlare del mio sogno di far diventare questo viaggio una realt\u00e0. In tutta onest\u00e0 mettere insieme l\u2019attrezzatura giusta (senza eccedere ma prendendo in considerazione la durata e [&hellip;]","og_url":"https:\/\/alaska2patagonia.com\/it\/donazioni\/","og_site_name":"Alaska2Patagonia","article_modified_time":"2016-12-15T02:09:31+00:00","og_image":[{"url":"https:\/\/www.paypalobjects.com\/en_US\/i\/scr\/pixel.gif","type":"","width":"","height":""}],"twitter_card":"summary_large_image","twitter_misc":{"Tempo di lettura stimato":"3 minuti"},"schema":{"@context":"https:\/\/schema.org","@graph":[{"@type":"WebPage","@id":"https:\/\/alaska2patagonia.com\/it\/donazioni\/","url":"https:\/\/alaska2patagonia.com\/it\/donazioni\/","name":"Donazioni - Alaska2Patagonia","isPartOf":{"@id":"https:\/\/alaska2patagonia.com\/#website"},"primaryImageOfPage":{"@id":"https:\/\/alaska2patagonia.com\/it\/donazioni\/#primaryimage"},"image":{"@id":"https:\/\/alaska2patagonia.com\/it\/donazioni\/#primaryimage"},"thumbnailUrl":"https:\/\/www.paypalobjects.com\/en_US\/i\/scr\/pixel.gif","datePublished":"2015-07-24T15:07:13+00:00","dateModified":"2016-12-15T02:09:31+00:00","breadcrumb":{"@id":"https:\/\/alaska2patagonia.com\/it\/donazioni\/#breadcrumb"},"inLanguage":"it-IT","potentialAction":[{"@type":"ReadAction","target":["https:\/\/alaska2patagonia.com\/it\/donazioni\/"]}]},{"@type":"ImageObject","inLanguage":"it-IT","@id":"https:\/\/alaska2patagonia.com\/it\/donazioni\/#primaryimage","url":"https:\/\/www.paypalobjects.com\/en_US\/i\/scr\/pixel.gif","contentUrl":"https:\/\/www.paypalobjects.com\/en_US\/i\/scr\/pixel.gif"},{"@type":"BreadcrumbList","@id":"https:\/\/alaska2patagonia.com\/it\/donazioni\/#breadcrumb","itemListElement":[{"@type":"ListItem","position":1,"name":"Home","item":"https:\/\/alaska2patagonia.com\/it\/"},{"@type":"ListItem","position":2,"name":"Donazioni"}]},{"@type":"WebSite","@id":"https:\/\/alaska2patagonia.com\/#website","url":"https:\/\/alaska2patagonia.com\/","name":"Alaska2Patagonia","description":"Giro del mondo in bici","potentialAction":[{"@type":"SearchAction","target":{"@type":"EntryPoint","urlTemplate":"https:\/\/alaska2patagonia.com\/?s={search_term_string}"},"query-input":{"@type":"PropertyValueSpecification","valueRequired":true,"valueName":"search_term_string"}}],"inLanguage":"it-IT"}]}},"_links":{"self":[{"href":"https:\/\/alaska2patagonia.com\/it\/wp-json\/wp\/v2\/pages\/394","targetHints":{"allow":["GET"]}}],"collection":[{"href":"https:\/\/alaska2patagonia.com\/it\/wp-json\/wp\/v2\/pages"}],"about":[{"href":"https:\/\/alaska2patagonia.com\/it\/wp-json\/wp\/v2\/types\/page"}],"author":[{"embeddable":true,"href":"https:\/\/alaska2patagonia.com\/it\/wp-json\/wp\/v2\/users\/1"}],"replies":[{"embeddable":true,"href":"https:\/\/alaska2patagonia.com\/it\/wp-json\/wp\/v2\/comments?post=394"}],"version-history":[{"count":0,"href":"https:\/\/alaska2patagonia.com\/it\/wp-json\/wp\/v2\/pages\/394\/revisions"}],"wp:attachment":[{"href":"https:\/\/alaska2patagonia.com\/it\/wp-json\/wp\/v2\/media?parent=394"}],"curies":[{"name":"wp","href":"https:\/\/api.w.org\/{rel}","templated":true}]}}