{"id":392,"date":"2015-07-24T15:06:20","date_gmt":"2015-07-24T15:06:20","guid":{"rendered":"https:\/\/alaska2patagonia.com\/?page_id=392"},"modified":"2025-06-25T21:43:11","modified_gmt":"2025-06-25T21:43:11","slug":"sponsor","status":"publish","type":"page","link":"https:\/\/alaska2patagonia.com\/it\/sponsor\/","title":{"rendered":"Partner"},"content":{"rendered":"\n<p>Senza le <a href=\"https:\/\/alaska2patagonia.com\/it\/donazioni\/\" target=\"_blank\" rel=\"noopener noreferrer\">donazioni individuali <\/a>che continuo a ricevere, questa avventura non sarebbe possibile. Allo stesso modo, senza la sponsorizzazione aziendale, sotto forma di donazione finanziaria o di fornitura di prodotti gratuiti o scontati, non sarebbe stato possibile per me intraprendere questa iniziativa. <\/p>\n<p>Sono molto felice, orgogliosa e umile che cos\u00ec tante persone credano in me. Ecco le aziende che mi sostengono: utilizzer\u00f2 i loro prodotti e scriver\u00f2 dei resoconti con le relative recensioni dei vari prodotti durante il mio viaggio. <\/p>\n<p><a href=\"http:\/\/www.spacenutrientsstation.com\/buy\"><img loading=\"lazy\" decoding=\"async\" class=\" size-medium wp-image-451 alignleft\" src=\"https:\/\/alaska2patagonia.com\/wp-content\/uploads\/2015\/06\/Capture-300x164.png\" alt=\"100%FOOD\" width=\"300\" height=\"164\" srcset=\"https:\/\/alaska2patagonia.com\/wp-content\/uploads\/2015\/06\/Capture-300x164.png 300w, https:\/\/alaska2patagonia.com\/wp-content\/uploads\/2015\/06\/Capture-1024x561.png 1024w, https:\/\/alaska2patagonia.com\/wp-content\/uploads\/2015\/06\/Capture.png 1380w\" sizes=\"auto, (max-width: 300px) 100vw, 300px\" \/><\/a> <a href=\"http:\/\/www.100percentfood.com\" target=\"_blank\" rel=\"noopener noreferrer\">100%FOOD<\/a> mi fornir\u00e0 i suoi pasti:<br>&#8211; a base di ingredienti crudi e biologici<br>&#8211; contiene tutti i nutrienti<br>&#8211; non richiede cottura<br>&#8211; si sono offerti di personalizzare il loro prodotto in base alle mie esigenze<br>Un&#8217;altra cosa fantastica di 100%FOOD \u00e8 che sosterr\u00e0 le <a href=\"https:\/\/alaska2patagonia.com\/it\/beneficenza\/\" target=\"_blank\" rel=\"noopener noreferrer\">associazioni di beneficenza <\/a>con cui lavoro e fornir\u00e0 loro pasti gratuiti. Complimenti. <\/p>\n<p><a href=\"http:\/\/www.cream.ie\" target=\"_blank\" rel=\"noopener noreferrer\"><img loading=\"lazy\" decoding=\"async\" class=\"alignleft size-full wp-image-452\" src=\"https:\/\/alaska2patagonia.com\/wp-content\/uploads\/2015\/06\/logo1.png\" alt=\"crema\" width=\"107\" height=\"100\"><\/a> <a href=\"http:\/\/www.cream.ie\" target=\"_blank\" rel=\"noopener noreferrer\">Cream Creative<\/a> \u00e8 una societ\u00e0 di consulenza di design con sede a Dublino, in Irlanda. Hanno un grande talento e mi hanno aiutato a progettare questo sito e a realizzarlo. Visto il mio impegno nella raccolta di fondi per beneficenza, hanno donato il loro lavoro per questo sito. Avevo gi\u00e0 lavorato con loro in passato; la loro creativit\u00e0 e competenza ti colpiranno sicuramente. Non potr\u00f2 mai raccomandarli abbastanza. Davvero. Anche il loro portfolio \u00e8 impressionante.      <\/p>\n<p><a href=\"http:\/\/www.showerspass.com\"><img loading=\"lazy\" decoding=\"async\" class=\"alignleft size-full wp-image-453\" src=\"https:\/\/alaska2patagonia.com\/wp-content\/uploads\/2015\/06\/Showers-Pass-Logo-for-Web.jpg\" alt=\"DoccePass\" width=\"288\" height=\"250\"><\/a> <a href=\"http:\/\/www.showerspass.com\/\" target=\"_blank\" rel=\"noopener noreferrer\">Showers Pass<\/a> mi ha fornito abbigliamento da pioggia altamente scontato attraverso l&#8217;importatore britannico. Fraser \u00e8 stato molto disponibile, di supporto e puntuale. <\/p>\n<p>Producono abbigliamento da pioggia che viene utilizzato da molti cicloturisti e pendolari.<br>Recensir\u00f2 i loro prodotti dopo averli testati sul campo.<br><br><\/p>\n<p> <\/p>\n<p><br><a href=\"https:\/\/www.bikecafe.org\/\" target=\"_blank\" rel=\"noopener noreferrer\"><img loading=\"lazy\" decoding=\"async\" class=\"size-medium wp-image-910 alignleft\" src=\"https:\/\/alaska2patagonia.com\/wp-content\/uploads\/2020\/02\/logo_bikecafe_trasp_01-300x90.png\" alt=\"\" width=\"300\" height=\"90\" srcset=\"https:\/\/alaska2patagonia.com\/wp-content\/uploads\/2020\/02\/logo_bikecafe_trasp_01-300x90.png 300w, https:\/\/alaska2patagonia.com\/wp-content\/uploads\/2020\/02\/logo_bikecafe_trasp_01.png 710w\" sizes=\"auto, (max-width: 300px) 100vw, 300px\" \/>BikeCafe.org<\/a> \u00e8 un distributore italiano di Surly Bikes, io pedaler\u00f2 su una Surly Disk Trucker fornita da BikeCafe con un generoso sconto.<br>Distribuiscono anche Salsa Bikes e hanno un <a href=\"https:\/\/www.bikecafe.org\/shop\/\" target=\"_blank\" rel=\"noopener noreferrer\">negozio online <\/a>in inglese con tutti i tipi di bici e accessori.<\/p>\n<p><a href=\"http:\/\/www.skyroam.com\"><img loading=\"lazy\" decoding=\"async\" class=\"size-full wp-image-751 alignleft\" src=\"https:\/\/alaska2patagonia.com\/wp-content\/uploads\/2015\/06\/skyroam_logo_color.png\" alt=\"skyroam\" width=\"211\" height=\"50\"><\/a>L&#8217;hotspot WiFi globale tascabile di <a href=\"http:\/\/www.skyroam.com\">Skyroam<\/a> \u00e8 il modo pi\u00f9 semplice per ottenere internet mobile veloce e sicuro in oltre 100 paesi. Non preoccuparti pi\u00f9 di costi nascosti o della complicazione della configurazione dei dispositivi. Acquista o affitta un hotspot in base ai tuoi piani di viaggio. Ottieni 24 ore di internet illimitato a un&#8217;unica tariffa giornaliera in tutto il mondo per il tuo smartphone, tablet e laptop.<br>Skyroam ha supportato il mio viaggio regalandomi il suo dispositivo e fornendomi i pass giornalieri da utilizzare durante la mia avventura.<\/p>\n<p><a href=\"https:\/\/wpml.org\/\"><img loading=\"lazy\" decoding=\"async\" class=\"alignleft wp-image-749 size-medium\" src=\"https:\/\/alaska2patagonia.com\/wp-content\/uploads\/2015\/06\/wpml-tagline-lowres-wpcf_300x75-300x75.png\" alt=\"wpml.org\" width=\"300\" height=\"75\"><\/a>Il plugin multilingue <a href=\"https:\/\/wpml.org\/\">WPML <\/a>di WordPress semplifica la creazione e la gestione di siti multilingue. \u00c8 abbastanza potente per i siti aziendali, ma semplice per i blog.<\/p>\n<p>WPML mi ha gentilmente concesso una licenza gratuita per sostenere il mio viaggio e la mia raccolta fondi per beneficenza. Il plugin WPML mi ha permesso di creare e sincronizzare facilmente pagine e post del blog in diverse lingue.<\/p>\n<p><em><strong>Se la tua azienda \u00e8 interessata a partecipare a questa entusiasmante avventura, <a href=\"https:\/\/alaska2patagonia.com\/it\/contatti\/\" target=\"_blank\" rel=\"noopener noreferrer\">contattami<\/a> e ti invier\u00f2 una presentazione per mostrarti come possiamo lavorare insieme e i vantaggi reciproci.<\/strong><\/em><\/p>\n","protected":false},"excerpt":{"rendered":"<p>Senza le donazioni individuali che continuo a ricevere, questa avventura non sarebbe possibile. Allo stesso modo, senza la sponsorizzazione aziendale, sotto forma di donazione finanziaria o di fornitura di prodotti gratuiti o scontati, non sarebbe stato possibile per me intraprendere questa iniziativa. Sono molto felice, orgogliosa e umile che cos\u00ec tante persone credano in me. [&hellip;]<\/p>\n","protected":false},"author":1,"featured_media":0,"parent":0,"menu_order":0,"comment_status":"closed","ping_status":"closed","template":"","meta":{"_monsterinsights_skip_tracking":false,"_monsterinsights_sitenote_active":false,"_monsterinsights_sitenote_note":"","_monsterinsights_sitenote_category":0,"footnotes":""},"class_list":["post-392","page","type-page","status-publish","hentry"],"yoast_head":"<!-- This site is optimized with the Yoast SEO plugin v27.4 - https:\/\/yoast.com\/product\/yoast-seo-wordpress\/ -->\n<title>Partner - Alaska2Patagonia<\/title>\n<meta name=\"robots\" content=\"index, follow, max-snippet:-1, max-image-preview:large, max-video-preview:-1\" \/>\n<link rel=\"canonical\" href=\"https:\/\/alaska2patagonia.com\/it\/sponsor\/\" \/>\n<meta property=\"og:locale\" content=\"it_IT\" \/>\n<meta property=\"og:type\" content=\"article\" \/>\n<meta property=\"og:title\" content=\"Partner - Alaska2Patagonia\" \/>\n<meta property=\"og:description\" content=\"Senza le donazioni individuali che continuo a ricevere, questa avventura non sarebbe possibile. Allo stesso modo, senza la sponsorizzazione aziendale, sotto forma di donazione finanziaria o di fornitura di prodotti gratuiti o scontati, non sarebbe stato possibile per me intraprendere questa iniziativa. Sono molto felice, orgogliosa e umile che cos\u00ec tante persone credano in me. [&hellip;]\" \/>\n<meta property=\"og:url\" content=\"https:\/\/alaska2patagonia.com\/it\/sponsor\/\" \/>\n<meta property=\"og:site_name\" content=\"Alaska2Patagonia\" \/>\n<meta property=\"article:modified_time\" content=\"2025-06-25T21:43:11+00:00\" \/>\n<meta property=\"og:image\" content=\"https:\/\/alaska2patagonia.com\/wp-content\/uploads\/2015\/06\/Capture.png\" \/>\n\t<meta property=\"og:image:width\" content=\"1380\" \/>\n\t<meta property=\"og:image:height\" content=\"756\" \/>\n\t<meta property=\"og:image:type\" content=\"image\/png\" \/>\n<meta name=\"twitter:card\" content=\"summary_large_image\" \/>\n<meta name=\"twitter:label1\" content=\"Tempo di lettura stimato\" \/>\n\t<meta name=\"twitter:data1\" content=\"2 minuti\" \/>\n<script type=\"application\/ld+json\" class=\"yoast-schema-graph\">{\"@context\":\"https:\\\/\\\/schema.org\",\"@graph\":[{\"@type\":\"WebPage\",\"@id\":\"https:\\\/\\\/alaska2patagonia.com\\\/it\\\/sponsor\\\/\",\"url\":\"https:\\\/\\\/alaska2patagonia.com\\\/it\\\/sponsor\\\/\",\"name\":\"Partner - Alaska2Patagonia\",\"isPartOf\":{\"@id\":\"https:\\\/\\\/alaska2patagonia.com\\\/#website\"},\"primaryImageOfPage\":{\"@id\":\"https:\\\/\\\/alaska2patagonia.com\\\/it\\\/sponsor\\\/#primaryimage\"},\"image\":{\"@id\":\"https:\\\/\\\/alaska2patagonia.com\\\/it\\\/sponsor\\\/#primaryimage\"},\"thumbnailUrl\":\"https:\\\/\\\/alaska2patagonia.com\\\/wp-content\\\/uploads\\\/2015\\\/06\\\/Capture-300x164.png\",\"datePublished\":\"2015-07-24T15:06:20+00:00\",\"dateModified\":\"2025-06-25T21:43:11+00:00\",\"breadcrumb\":{\"@id\":\"https:\\\/\\\/alaska2patagonia.com\\\/it\\\/sponsor\\\/#breadcrumb\"},\"inLanguage\":\"it-IT\",\"potentialAction\":[{\"@type\":\"ReadAction\",\"target\":[\"https:\\\/\\\/alaska2patagonia.com\\\/it\\\/sponsor\\\/\"]}]},{\"@type\":\"ImageObject\",\"inLanguage\":\"it-IT\",\"@id\":\"https:\\\/\\\/alaska2patagonia.com\\\/it\\\/sponsor\\\/#primaryimage\",\"url\":\"https:\\\/\\\/alaska2patagonia.com\\\/wp-content\\\/uploads\\\/2015\\\/06\\\/Capture-300x164.png\",\"contentUrl\":\"https:\\\/\\\/alaska2patagonia.com\\\/wp-content\\\/uploads\\\/2015\\\/06\\\/Capture-300x164.png\"},{\"@type\":\"BreadcrumbList\",\"@id\":\"https:\\\/\\\/alaska2patagonia.com\\\/it\\\/sponsor\\\/#breadcrumb\",\"itemListElement\":[{\"@type\":\"ListItem\",\"position\":1,\"name\":\"Home\",\"item\":\"https:\\\/\\\/alaska2patagonia.com\\\/it\\\/\"},{\"@type\":\"ListItem\",\"position\":2,\"name\":\"Partner\"}]},{\"@type\":\"WebSite\",\"@id\":\"https:\\\/\\\/alaska2patagonia.com\\\/#website\",\"url\":\"https:\\\/\\\/alaska2patagonia.com\\\/\",\"name\":\"Alaska2Patagonia\",\"description\":\"Giro del mondo in bici\",\"potentialAction\":[{\"@type\":\"SearchAction\",\"target\":{\"@type\":\"EntryPoint\",\"urlTemplate\":\"https:\\\/\\\/alaska2patagonia.com\\\/?s={search_term_string}\"},\"query-input\":{\"@type\":\"PropertyValueSpecification\",\"valueRequired\":true,\"valueName\":\"search_term_string\"}}],\"inLanguage\":\"it-IT\"}]}<\/script>\n<!-- \/ Yoast SEO plugin. -->","yoast_head_json":{"title":"Partner - Alaska2Patagonia","robots":{"index":"index","follow":"follow","max-snippet":"max-snippet:-1","max-image-preview":"max-image-preview:large","max-video-preview":"max-video-preview:-1"},"canonical":"https:\/\/alaska2patagonia.com\/it\/sponsor\/","og_locale":"it_IT","og_type":"article","og_title":"Partner - Alaska2Patagonia","og_description":"Senza le donazioni individuali che continuo a ricevere, questa avventura non sarebbe possibile. Allo stesso modo, senza la sponsorizzazione aziendale, sotto forma di donazione finanziaria o di fornitura di prodotti gratuiti o scontati, non sarebbe stato possibile per me intraprendere questa iniziativa. Sono molto felice, orgogliosa e umile che cos\u00ec tante persone credano in me. [&hellip;]","og_url":"https:\/\/alaska2patagonia.com\/it\/sponsor\/","og_site_name":"Alaska2Patagonia","article_modified_time":"2025-06-25T21:43:11+00:00","og_image":[{"width":1380,"height":756,"url":"https:\/\/alaska2patagonia.com\/wp-content\/uploads\/2015\/06\/Capture.png","type":"image\/png"}],"twitter_card":"summary_large_image","twitter_misc":{"Tempo di lettura stimato":"2 minuti"},"schema":{"@context":"https:\/\/schema.org","@graph":[{"@type":"WebPage","@id":"https:\/\/alaska2patagonia.com\/it\/sponsor\/","url":"https:\/\/alaska2patagonia.com\/it\/sponsor\/","name":"Partner - Alaska2Patagonia","isPartOf":{"@id":"https:\/\/alaska2patagonia.com\/#website"},"primaryImageOfPage":{"@id":"https:\/\/alaska2patagonia.com\/it\/sponsor\/#primaryimage"},"image":{"@id":"https:\/\/alaska2patagonia.com\/it\/sponsor\/#primaryimage"},"thumbnailUrl":"https:\/\/alaska2patagonia.com\/wp-content\/uploads\/2015\/06\/Capture-300x164.png","datePublished":"2015-07-24T15:06:20+00:00","dateModified":"2025-06-25T21:43:11+00:00","breadcrumb":{"@id":"https:\/\/alaska2patagonia.com\/it\/sponsor\/#breadcrumb"},"inLanguage":"it-IT","potentialAction":[{"@type":"ReadAction","target":["https:\/\/alaska2patagonia.com\/it\/sponsor\/"]}]},{"@type":"ImageObject","inLanguage":"it-IT","@id":"https:\/\/alaska2patagonia.com\/it\/sponsor\/#primaryimage","url":"https:\/\/alaska2patagonia.com\/wp-content\/uploads\/2015\/06\/Capture-300x164.png","contentUrl":"https:\/\/alaska2patagonia.com\/wp-content\/uploads\/2015\/06\/Capture-300x164.png"},{"@type":"BreadcrumbList","@id":"https:\/\/alaska2patagonia.com\/it\/sponsor\/#breadcrumb","itemListElement":[{"@type":"ListItem","position":1,"name":"Home","item":"https:\/\/alaska2patagonia.com\/it\/"},{"@type":"ListItem","position":2,"name":"Partner"}]},{"@type":"WebSite","@id":"https:\/\/alaska2patagonia.com\/#website","url":"https:\/\/alaska2patagonia.com\/","name":"Alaska2Patagonia","description":"Giro del mondo in bici","potentialAction":[{"@type":"SearchAction","target":{"@type":"EntryPoint","urlTemplate":"https:\/\/alaska2patagonia.com\/?s={search_term_string}"},"query-input":{"@type":"PropertyValueSpecification","valueRequired":true,"valueName":"search_term_string"}}],"inLanguage":"it-IT"}]}},"_links":{"self":[{"href":"https:\/\/alaska2patagonia.com\/it\/wp-json\/wp\/v2\/pages\/392","targetHints":{"allow":["GET"]}}],"collection":[{"href":"https:\/\/alaska2patagonia.com\/it\/wp-json\/wp\/v2\/pages"}],"about":[{"href":"https:\/\/alaska2patagonia.com\/it\/wp-json\/wp\/v2\/types\/page"}],"author":[{"embeddable":true,"href":"https:\/\/alaska2patagonia.com\/it\/wp-json\/wp\/v2\/users\/1"}],"replies":[{"embeddable":true,"href":"https:\/\/alaska2patagonia.com\/it\/wp-json\/wp\/v2\/comments?post=392"}],"version-history":[{"count":0,"href":"https:\/\/alaska2patagonia.com\/it\/wp-json\/wp\/v2\/pages\/392\/revisions"}],"wp:attachment":[{"href":"https:\/\/alaska2patagonia.com\/it\/wp-json\/wp\/v2\/media?parent=392"}],"curies":[{"name":"wp","href":"https:\/\/api.w.org\/{rel}","templated":true}]}}